{"id":63,"date":"2014-11-17T13:52:06","date_gmt":"2014-11-17T12:52:06","guid":{"rendered":"http:\/\/jmhuarte.educacion.navarra.es\/web1\/?page_id=63"},"modified":"2023-10-02T20:42:02","modified_gmt":"2023-10-02T18:42:02","slug":"revista-escolar","status":"publish","type":"page","link":"https:\/\/jmhuarte.educacion.navarra.es\/web1\/revista-escolar\/","title":{"rendered":"Revista escolar"},"content":{"rendered":"\n<p class=\"has-text-align-center has-vivid-cyan-blue-color has-text-color\"><strong>\u00daltimo n\u00famero de la revista<\/strong><\/p>\n\n\n\n<div style=\"text-align:center;\"><div style=\"margin:8px 0px 4px;\"><a href=\"https:\/\/www.calameo.com\/books\/00439624073ee4b8e72f1\" target=\"_blank\" rel=\"noopener\">Revista escolar 2022 2023<\/a><\/div><iframe loading=\"lazy\" src=\"\/\/v.calameo.com\/?bkcode=00439624073ee4b8e72f1&#038;mode=mini\" width=\"480\" height=\"300\" frameborder=\"0\" scrolling=\"no\" allowtransparency allowfullscreen style=\"margin:0 auto;\"><\/iframe><div style=\"margin:4px 0px 8px;\"><a href=\"http:\/\/www.calameo.com\/\" target=\"_blank\" rel=\"noopener\">Leer m\u00e1s publicaciones en Calam\u00e9o<\/a><\/div><\/div>\n\n\n<div style=\"text-align: center;\">\n<div style=\"margin: 8px 0px 4px;\">\n<div style=\"text-align: center;\">\n<div style=\"margin: 4px 0px 8px;\"><a href=\"http:\/\/www.calameo.com\/\" target=\"_blank\" rel=\"noopener noreferrer\">Read more publications on Calam\u00e9o<\/a><\/div>\n<\/div>\n<\/div>\n<div style=\"margin: 4px 0px 8px;\">Puedes consultar anteriores n\u00fameros de la revista escolar en nuestra biblioteca.<\/div>\n<\/div>\n<p><iframe loading=\"lazy\" src=\"\/\/v.calameo.com\/library\/?type=account&amp;id=4396240&amp;rows=2&amp;sortBy=latestPublished&amp;theme=wood&amp;bgColor=&amp;thumbSize=normal&amp;showTitle=true&amp;showShadow=true&amp;showGloss=true&amp;showInfo=no&amp;linkTo=view&amp;linkTarget=_blank\" width=\"650\" height=\"370\" frameborder=\"0\" allowfullscreen=\"allowfullscreen\"><span data-mce-type=\"bookmark\" style=\"display: inline-block; width: 0px; overflow: hidden; line-height: 0;\" class=\"mce_SELRES_start\">\ufeff<\/span><span data-mce-type=\"bookmark\" style=\"display: inline-block; width: 0px; overflow: hidden; line-height: 0;\" class=\"mce_SELRES_start\">\ufeff<\/span><span data-mce-type=\"bookmark\" style=\"display: inline-block; width: 0px; overflow: hidden; line-height: 0;\" class=\"mce_SELRES_start\">\ufeff<\/span><\/iframe><\/p>","protected":false},"excerpt":{"rendered":"<p>\u00daltimo n\u00famero de la revista Revista escolar 2022 2023 Leer m\u00e1s publicaciones en Calam\u00e9o Read more publications on Calam\u00e9o Puedes consultar anteriores n\u00fameros de la revista escolar en nuestra biblioteca. \ufeff\ufeff\ufeff<\/p>\n","protected":false},"author":1,"featured_media":0,"parent":0,"menu_order":5,"comment_status":"open","ping_status":"open","template":"","meta":{"_genesis_hide_title":false,"_genesis_hide_breadcrumbs":false,"_genesis_hide_singular_image":false,"_genesis_hide_footer_widgets":false,"_genesis_custom_body_class":"","_genesis_custom_post_class":"","_genesis_layout":""},"_links":{"self":[{"href":"https:\/\/jmhuarte.educacion.navarra.es\/web1\/wp-json\/wp\/v2\/pages\/63"}],"collection":[{"href":"https:\/\/jmhuarte.educacion.navarra.es\/web1\/wp-json\/wp\/v2\/pages"}],"about":[{"href":"https:\/\/jmhuarte.educacion.navarra.es\/web1\/wp-json\/wp\/v2\/types\/page"}],"author":[{"embeddable":true,"href":"https:\/\/jmhuarte.educacion.navarra.es\/web1\/wp-json\/wp\/v2\/users\/1"}],"replies":[{"embeddable":true,"href":"https:\/\/jmhuarte.educacion.navarra.es\/web1\/wp-json\/wp\/v2\/comments?post=63"}],"version-history":[{"count":19,"href":"https:\/\/jmhuarte.educacion.navarra.es\/web1\/wp-json\/wp\/v2\/pages\/63\/revisions"}],"predecessor-version":[{"id":9947,"href":"https:\/\/jmhuarte.educacion.navarra.es\/web1\/wp-json\/wp\/v2\/pages\/63\/revisions\/9947"}],"wp:attachment":[{"href":"https:\/\/jmhuarte.educacion.navarra.es\/web1\/wp-json\/wp\/v2\/media?parent=63"}],"curies":[{"name":"wp","href":"https:\/\/api.w.org\/{rel}","templated":true}]}}