{"id":4268,"date":"2019-09-29T21:53:13","date_gmt":"2019-09-29T19:53:13","guid":{"rendered":"http:\/\/jmhuarte.educacion.navarra.es\/web1\/?page_id=4268"},"modified":"2019-09-29T21:53:15","modified_gmt":"2019-09-29T19:53:15","slug":"protocolo-de-agresiones-externas","status":"publish","type":"page","link":"https:\/\/jmhuarte.educacion.navarra.es\/web1\/protocolo-de-agresiones-externas\/","title":{"rendered":"Protocolo de Agresiones Externas"},"content":{"rendered":"\n<p style=\"text-align:center\">\n\nPonemos en vuestro conocimiento, el Protocolo de Actuaci\u00f3n, frente a Agresiones Externas al Personal Docente.\n\n<\/p>\n\n\n\n<figure class=\"wp-block-image\"><img loading=\"lazy\" width=\"741\" height=\"742\" src=\"http:\/\/jmhuarte.educacion.navarra.es\/web1\/wp-content\/uploads\/2018\/09\/Protocolo.png\" alt=\"\" class=\"wp-image-2234\" srcset=\"https:\/\/jmhuarte.educacion.navarra.es\/web1\/wp-content\/uploads\/2018\/09\/Protocolo.png 741w, https:\/\/jmhuarte.educacion.navarra.es\/web1\/wp-content\/uploads\/2018\/09\/Protocolo-150x150.png 150w, https:\/\/jmhuarte.educacion.navarra.es\/web1\/wp-content\/uploads\/2018\/09\/Protocolo-300x300.png 300w\" sizes=\"(max-width: 741px) 100vw, 741px\" \/><\/figure>\n\n\n\n<p>Pod\u00e9is descargaros el protocolo aqu\u00ed:<\/p>\n\n\n\n<h2><a href=\"http:\/\/jmhuarte.educacion.navarra.es\/web1\/wp-content\/uploads\/2018\/09\/Agresiones_web_Cas.pdf\">http:\/\/jmhuarte.educacion.navarra.es\/web1\/wp-content\/uploads\/2018\/09\/Agresiones_web_Cas.pdf<\/a><\/h2>\n\n\n\n<h4 style=\"text-align:center\"><strong>Comunicaci\u00f3n agresi\u00f3n: 848 423769 \/ 848 423728<\/strong><\/h4>\n\n\n\n<h4 style=\"text-align:center\"><strong>DIRECCI\u00d3N Y TEL\u00c9FONOS DE INTER\u00c9S<\/strong><\/h4>\n\n\n\n<h4 style=\"text-align:center\"><strong>Secci\u00f3n de Prevenci\u00f3n de Riesgos Laborales<\/strong><br><strong>Pol\u00edgono de Landaben C\/E-F<\/strong><br><strong>(Instituto Navarro de Salud Laboral)<\/strong><br><strong>31012 Pamplona<\/strong><\/h4>\n","protected":false},"excerpt":{"rendered":"<p>Ponemos en vuestro conocimiento, el Protocolo de Actuaci\u00f3n, frente a Agresiones Externas al Personal Docente. Pod\u00e9is descargaros el protocolo aqu\u00ed: http:\/\/jmhuarte.educacion.navarra.es\/web1\/wp-content\/uploads\/2018\/09\/Agresiones_web_Cas.pdf Comunicaci\u00f3n agresi\u00f3n: 848 423769 \/ 848 423728 DIRECCI\u00d3N Y TEL\u00c9FONOS DE INTER\u00c9S Secci\u00f3n de Prevenci\u00f3n de Riesgos LaboralesPol\u00edgono de Landaben C\/E-F(Instituto Navarro de Salud Laboral)31012 Pamplona<\/p>\n","protected":false},"author":1,"featured_media":0,"parent":0,"menu_order":0,"comment_status":"closed","ping_status":"closed","template":"","meta":{"_genesis_hide_title":false,"_genesis_hide_breadcrumbs":false,"_genesis_hide_singular_image":false,"_genesis_hide_footer_widgets":false,"_genesis_custom_body_class":"","_genesis_custom_post_class":"","_genesis_layout":""},"_links":{"self":[{"href":"https:\/\/jmhuarte.educacion.navarra.es\/web1\/wp-json\/wp\/v2\/pages\/4268"}],"collection":[{"href":"https:\/\/jmhuarte.educacion.navarra.es\/web1\/wp-json\/wp\/v2\/pages"}],"about":[{"href":"https:\/\/jmhuarte.educacion.navarra.es\/web1\/wp-json\/wp\/v2\/types\/page"}],"author":[{"embeddable":true,"href":"https:\/\/jmhuarte.educacion.navarra.es\/web1\/wp-json\/wp\/v2\/users\/1"}],"replies":[{"embeddable":true,"href":"https:\/\/jmhuarte.educacion.navarra.es\/web1\/wp-json\/wp\/v2\/comments?post=4268"}],"version-history":[{"count":2,"href":"https:\/\/jmhuarte.educacion.navarra.es\/web1\/wp-json\/wp\/v2\/pages\/4268\/revisions"}],"predecessor-version":[{"id":4270,"href":"https:\/\/jmhuarte.educacion.navarra.es\/web1\/wp-json\/wp\/v2\/pages\/4268\/revisions\/4270"}],"wp:attachment":[{"href":"https:\/\/jmhuarte.educacion.navarra.es\/web1\/wp-json\/wp\/v2\/media?parent=4268"}],"curies":[{"name":"wp","href":"https:\/\/api.w.org\/{rel}","templated":true}]}}