{"id":37,"date":"2014-11-16T18:32:22","date_gmt":"2014-11-16T17:32:22","guid":{"rendered":"http:\/\/jmhuarte.educacion.navarra.es\/web1\/?page_id=37"},"modified":"2022-02-14T11:52:20","modified_gmt":"2022-02-14T10:52:20","slug":"administracion","status":"publish","type":"page","link":"https:\/\/jmhuarte.educacion.navarra.es\/web1\/administracion\/","title":{"rendered":"Administraci\u00f3n"},"content":{"rendered":"<h1 style=\"text-align: center;\">Secretar\u00eda<\/h1>\n<p style=\"text-align: center;\">En la secretar\u00eda del colegio se pueden realizar diferentes gestiones de \u00e1mbito educativo. El horario de atenci\u00f3n al p\u00fablico es:<\/p>\n<p style=\"text-align: center;\"><strong>De lunes a viernes de 9:05 de la ma\u00f1ana a 13:00 horas.<\/strong><\/p>\n<p style=\"text-align: center;\"><img loading=\"lazy\" class=\"size-full wp-image-229\" src=\"http:\/\/jmhuarte.educacion.navarra.es\/web1\/wp-content\/uploads\/2014\/11\/secretaria1.jpg.png\" alt=\"secretaria1.jpg\" width=\"541\" height=\"177\" srcset=\"https:\/\/jmhuarte.educacion.navarra.es\/web1\/wp-content\/uploads\/2014\/11\/secretaria1.jpg.png 541w, https:\/\/jmhuarte.educacion.navarra.es\/web1\/wp-content\/uploads\/2014\/11\/secretaria1.jpg-300x98.png 300w\" sizes=\"(max-width: 541px) 100vw, 541px\" \/><\/p>\n","protected":false},"excerpt":{"rendered":"<p>Secretar\u00eda En la secretar\u00eda del colegio se pueden realizar diferentes gestiones de \u00e1mbito educativo. El horario de atenci\u00f3n al p\u00fablico es: De lunes a viernes de 9:05 de la ma\u00f1ana a 13:00 horas.<\/p>\n","protected":false},"author":1,"featured_media":0,"parent":0,"menu_order":3,"comment_status":"open","ping_status":"closed","template":"","meta":{"_genesis_hide_title":false,"_genesis_hide_breadcrumbs":false,"_genesis_hide_singular_image":false,"_genesis_hide_footer_widgets":false,"_genesis_custom_body_class":"","_genesis_custom_post_class":"","_genesis_layout":""},"_links":{"self":[{"href":"https:\/\/jmhuarte.educacion.navarra.es\/web1\/wp-json\/wp\/v2\/pages\/37"}],"collection":[{"href":"https:\/\/jmhuarte.educacion.navarra.es\/web1\/wp-json\/wp\/v2\/pages"}],"about":[{"href":"https:\/\/jmhuarte.educacion.navarra.es\/web1\/wp-json\/wp\/v2\/types\/page"}],"author":[{"embeddable":true,"href":"https:\/\/jmhuarte.educacion.navarra.es\/web1\/wp-json\/wp\/v2\/users\/1"}],"replies":[{"embeddable":true,"href":"https:\/\/jmhuarte.educacion.navarra.es\/web1\/wp-json\/wp\/v2\/comments?post=37"}],"version-history":[{"count":15,"href":"https:\/\/jmhuarte.educacion.navarra.es\/web1\/wp-json\/wp\/v2\/pages\/37\/revisions"}],"predecessor-version":[{"id":7869,"href":"https:\/\/jmhuarte.educacion.navarra.es\/web1\/wp-json\/wp\/v2\/pages\/37\/revisions\/7869"}],"wp:attachment":[{"href":"https:\/\/jmhuarte.educacion.navarra.es\/web1\/wp-json\/wp\/v2\/media?parent=37"}],"curies":[{"name":"wp","href":"https:\/\/api.w.org\/{rel}","templated":true}]}}