{"id":2644,"date":"2019-01-25T10:05:25","date_gmt":"2019-01-25T09:05:25","guid":{"rendered":"http:\/\/jmhuarte.educacion.navarra.es\/web1\/?page_id=2644"},"modified":"2026-01-21T13:52:08","modified_gmt":"2026-01-21T12:52:08","slug":"extractos-de-programaciones","status":"publish","type":"page","link":"https:\/\/jmhuarte.educacion.navarra.es\/web1\/extractos-de-programaciones\/","title":{"rendered":"Extractos de programaciones"},"content":{"rendered":"\n<p class=\"has-text-align-center\">A continuaci\u00f3n pod\u00e9is ver los extractos de las programaciones que estamos llevando a cabo en este segundo trimestre del curso 25\/26<\/p>\n\n\n\n<p><\/p>\n\n\n\n<p class=\"has-text-align-center has-light-green-cyan-background-color has-background\"><strong>3 A\u00d1OS<\/strong><\/p>\n\n\n\n<div class=\"wp-block-file\"><object class=\"wp-block-file__embed\" data=\"https:\/\/jmhuarte.educacion.navarra.es\/web1\/wp-content\/uploads\/2026\/01\/2o-trimestre-EXTRACTO-3-anos-Curso-25_26..pdf\" type=\"application\/pdf\" style=\"width:100%;height:600px\" aria-label=\"Incrustado de 2o-trimestre-EXTRACTO-3-anos-Curso-25_26..\"><\/object><a id=\"wp-block-file--media-264175b7-c9d2-493e-b143-288f0b6775d8\" href=\"https:\/\/jmhuarte.educacion.navarra.es\/web1\/wp-content\/uploads\/2026\/01\/2o-trimestre-EXTRACTO-3-anos-Curso-25_26..pdf\">2o-trimestre-EXTRACTO-3-anos-Curso-25_26.<\/a><a href=\"https:\/\/jmhuarte.educacion.navarra.es\/web1\/wp-content\/uploads\/2026\/01\/2o-trimestre-EXTRACTO-3-anos-Curso-25_26..pdf\" class=\"wp-block-file__button\" download aria-describedby=\"wp-block-file--media-264175b7-c9d2-493e-b143-288f0b6775d8\">Descarga<\/a><\/div>\n\n\n\n<p class=\"has-text-align-center has-light-green-cyan-background-color has-background\"><strong>4 A\u00d1OS<\/strong><\/p>\n\n\n\n<div class=\"wp-block-file\"><object class=\"wp-block-file__embed\" data=\"https:\/\/jmhuarte.educacion.navarra.es\/web1\/wp-content\/uploads\/2026\/01\/2o-Trimestre-EXTRACTO-4-anos-Curso-25_26.pdf\" type=\"application\/pdf\" style=\"width:100%;height:600px\" aria-label=\"Incrustado de 2o-Trimestre-EXTRACTO-4-anos-Curso-25_26.\"><\/object><a id=\"wp-block-file--media-609abada-7dd3-4611-8c79-8deeed0e412f\" href=\"https:\/\/jmhuarte.educacion.navarra.es\/web1\/wp-content\/uploads\/2026\/01\/2o-Trimestre-EXTRACTO-4-anos-Curso-25_26.pdf\">2o-Trimestre-EXTRACTO-4-anos-Curso-25_26<\/a><a href=\"https:\/\/jmhuarte.educacion.navarra.es\/web1\/wp-content\/uploads\/2026\/01\/2o-Trimestre-EXTRACTO-4-anos-Curso-25_26.pdf\" class=\"wp-block-file__button\" download aria-describedby=\"wp-block-file--media-609abada-7dd3-4611-8c79-8deeed0e412f\">Descarga<\/a><\/div>\n\n\n\n<p class=\"has-text-align-center has-light-green-cyan-background-color has-background\"><strong>5 A\u00d1OS<\/strong><\/p>\n\n\n\n<div class=\"wp-block-file\"><object class=\"wp-block-file__embed\" data=\"https:\/\/jmhuarte.educacion.navarra.es\/web1\/wp-content\/uploads\/2026\/01\/2o-trimetre-EXTRACTO-5-anos-Curso-25_26.pdf\" type=\"application\/pdf\" style=\"width:100%;height:600px\" aria-label=\"Incrustado de 2o-trimetre-EXTRACTO-5-anos-Curso-25_26.\"><\/object><a id=\"wp-block-file--media-a6f27876-ed46-47b5-933b-8440130c3e04\" href=\"https:\/\/jmhuarte.educacion.navarra.es\/web1\/wp-content\/uploads\/2026\/01\/2o-trimetre-EXTRACTO-5-anos-Curso-25_26.pdf\">2o-trimetre-EXTRACTO-5-anos-Curso-25_26<\/a><a href=\"https:\/\/jmhuarte.educacion.navarra.es\/web1\/wp-content\/uploads\/2026\/01\/2o-trimetre-EXTRACTO-5-anos-Curso-25_26.pdf\" class=\"wp-block-file__button\" download aria-describedby=\"wp-block-file--media-a6f27876-ed46-47b5-933b-8440130c3e04\">Descarga<\/a><\/div>\n\n\n\n<p class=\"has-text-align-center has-light-green-cyan-background-color has-background\"><strong>1\u00ba DE PRIMARIA<\/strong><\/p>\n\n\n\n<div class=\"wp-block-file\"><object class=\"wp-block-file__embed\" data=\"https:\/\/jmhuarte.educacion.navarra.es\/web1\/wp-content\/uploads\/2026\/01\/2o-Trimestre-1o-EXTRACTO-DE-PROGRAMACION.pdf\" type=\"application\/pdf\" style=\"width:100%;height:600px\" aria-label=\"Incrustado de 2o-Trimestre-1o-EXTRACTO-DE-PROGRAMACION.\"><\/object><a id=\"wp-block-file--media-f0d12f9c-fa4a-46a5-aa6a-c88d266866ac\" href=\"https:\/\/jmhuarte.educacion.navarra.es\/web1\/wp-content\/uploads\/2026\/01\/2o-Trimestre-1o-EXTRACTO-DE-PROGRAMACION.pdf\">2o-Trimestre-1o-EXTRACTO-DE-PROGRAMACION<\/a><a href=\"https:\/\/jmhuarte.educacion.navarra.es\/web1\/wp-content\/uploads\/2026\/01\/2o-Trimestre-1o-EXTRACTO-DE-PROGRAMACION.pdf\" class=\"wp-block-file__button\" download aria-describedby=\"wp-block-file--media-f0d12f9c-fa4a-46a5-aa6a-c88d266866ac\">Descarga<\/a><\/div>\n\n\n\n<p class=\"has-text-align-center has-light-green-cyan-background-color has-background\"><strong>2\u00ba DE PRIMARIA<\/strong><\/p>\n\n\n\n<div class=\"wp-block-file\"><object class=\"wp-block-file__embed\" data=\"https:\/\/jmhuarte.educacion.navarra.es\/web1\/wp-content\/uploads\/2026\/01\/2o-Trimestre-2o-EXTRACTO-DE-PROGRAMACION.pdf\" type=\"application\/pdf\" style=\"width:100%;height:600px\" aria-label=\"Incrustado de 2o-Trimestre-2o-EXTRACTO-DE-PROGRAMACION.\"><\/object><a id=\"wp-block-file--media-fe744b8f-9bd6-40c4-b08a-43b5afc9cbeb\" href=\"https:\/\/jmhuarte.educacion.navarra.es\/web1\/wp-content\/uploads\/2026\/01\/2o-Trimestre-2o-EXTRACTO-DE-PROGRAMACION.pdf\">2o-Trimestre-2o-EXTRACTO-DE-PROGRAMACION<\/a><a href=\"https:\/\/jmhuarte.educacion.navarra.es\/web1\/wp-content\/uploads\/2026\/01\/2o-Trimestre-2o-EXTRACTO-DE-PROGRAMACION.pdf\" class=\"wp-block-file__button\" download aria-describedby=\"wp-block-file--media-fe744b8f-9bd6-40c4-b08a-43b5afc9cbeb\">Descarga<\/a><\/div>\n\n\n\n<p class=\"has-text-align-center has-light-green-cyan-background-color has-background\"><strong>3\u00ba DE PRIMARIA<\/strong><\/p>\n\n\n\n<div class=\"wp-block-file\"><object class=\"wp-block-file__embed\" data=\"https:\/\/jmhuarte.educacion.navarra.es\/web1\/wp-content\/uploads\/2026\/01\/2o-Trimestre-3o-EXTRACTO-DE-PROGRAMACION.pdf\" type=\"application\/pdf\" style=\"width:100%;height:600px\" aria-label=\"Incrustado de 2o-Trimestre-3o-EXTRACTO-DE-PROGRAMACION.\"><\/object><a id=\"wp-block-file--media-c343acdf-da8c-4fa7-9d74-88544ff2f874\" href=\"https:\/\/jmhuarte.educacion.navarra.es\/web1\/wp-content\/uploads\/2026\/01\/2o-Trimestre-3o-EXTRACTO-DE-PROGRAMACION.pdf\">2o-Trimestre-3o-EXTRACTO-DE-PROGRAMACION<\/a><a href=\"https:\/\/jmhuarte.educacion.navarra.es\/web1\/wp-content\/uploads\/2026\/01\/2o-Trimestre-3o-EXTRACTO-DE-PROGRAMACION.pdf\" class=\"wp-block-file__button\" download aria-describedby=\"wp-block-file--media-c343acdf-da8c-4fa7-9d74-88544ff2f874\">Descarga<\/a><\/div>\n\n\n\n<p class=\"has-text-align-center has-light-green-cyan-background-color has-background\"><strong>4\u00ba DE PRIMARIA<\/strong><\/p>\n\n\n\n<div class=\"wp-block-file\"><object class=\"wp-block-file__embed\" data=\"https:\/\/jmhuarte.educacion.navarra.es\/web1\/wp-content\/uploads\/2026\/01\/2o-Trimestre-4o-EXTRACTO-DE-PROGRAMACION.pdf\" type=\"application\/pdf\" style=\"width:100%;height:600px\" aria-label=\"Incrustado de 2o-Trimestre-4o-EXTRACTO-DE-PROGRAMACION.\"><\/object><a id=\"wp-block-file--media-e7e03531-9a59-4201-9590-ab36d523ad57\" href=\"https:\/\/jmhuarte.educacion.navarra.es\/web1\/wp-content\/uploads\/2026\/01\/2o-Trimestre-4o-EXTRACTO-DE-PROGRAMACION.pdf\">2o-Trimestre-4o-EXTRACTO-DE-PROGRAMACION<\/a><a href=\"https:\/\/jmhuarte.educacion.navarra.es\/web1\/wp-content\/uploads\/2026\/01\/2o-Trimestre-4o-EXTRACTO-DE-PROGRAMACION.pdf\" class=\"wp-block-file__button\" download aria-describedby=\"wp-block-file--media-e7e03531-9a59-4201-9590-ab36d523ad57\">Descarga<\/a><\/div>\n\n\n\n<p class=\"has-text-align-center has-light-green-cyan-background-color has-background\"><strong>5\u00ba DE PRIMARIA<\/strong><\/p>\n\n\n\n<div class=\"wp-block-file\"><object class=\"wp-block-file__embed\" data=\"https:\/\/jmhuarte.educacion.navarra.es\/web1\/wp-content\/uploads\/2026\/01\/2o-Trimestre-5o-EXTRACTO-DE-PROGRAMACION.pdf\" type=\"application\/pdf\" style=\"width:100%;height:600px\" aria-label=\"Incrustado de 2o-Trimestre-5o-EXTRACTO-DE-PROGRAMACION.\"><\/object><a id=\"wp-block-file--media-365ba408-f39a-4708-a958-98eb93aae20d\" href=\"https:\/\/jmhuarte.educacion.navarra.es\/web1\/wp-content\/uploads\/2026\/01\/2o-Trimestre-5o-EXTRACTO-DE-PROGRAMACION.pdf\">2o-Trimestre-5o-EXTRACTO-DE-PROGRAMACION<\/a><a href=\"https:\/\/jmhuarte.educacion.navarra.es\/web1\/wp-content\/uploads\/2026\/01\/2o-Trimestre-5o-EXTRACTO-DE-PROGRAMACION.pdf\" class=\"wp-block-file__button\" download aria-describedby=\"wp-block-file--media-365ba408-f39a-4708-a958-98eb93aae20d\">Descarga<\/a><\/div>\n\n\n\n<p class=\"has-text-align-center has-light-green-cyan-background-color has-background\"><strong>6\u00ba DE PRIMARIA<\/strong><\/p>\n\n\n\n<div class=\"wp-block-file\"><object class=\"wp-block-file__embed\" data=\"https:\/\/jmhuarte.educacion.navarra.es\/web1\/wp-content\/uploads\/2026\/01\/2o-Trimestre-6o-EXTRACTO-DE-PROGRAMACION.pdf\" type=\"application\/pdf\" style=\"width:100%;height:600px\" aria-label=\"Incrustado de 2o-Trimestre-6o-EXTRACTO-DE-PROGRAMACION.\"><\/object><a id=\"wp-block-file--media-a57c7681-92aa-4017-964b-bc5b1515bcb2\" href=\"https:\/\/jmhuarte.educacion.navarra.es\/web1\/wp-content\/uploads\/2026\/01\/2o-Trimestre-6o-EXTRACTO-DE-PROGRAMACION.pdf\">2o-Trimestre-6o-EXTRACTO-DE-PROGRAMACION<\/a><a href=\"https:\/\/jmhuarte.educacion.navarra.es\/web1\/wp-content\/uploads\/2026\/01\/2o-Trimestre-6o-EXTRACTO-DE-PROGRAMACION.pdf\" class=\"wp-block-file__button\" download aria-describedby=\"wp-block-file--media-a57c7681-92aa-4017-964b-bc5b1515bcb2\">Descarga<\/a><\/div>\n\n\n\n<p><\/p>\n\n\n\n<p><\/p>\n","protected":false},"excerpt":{"rendered":"<p>A continuaci\u00f3n pod\u00e9is ver los extractos de las programaciones que estamos llevando a cabo en este segundo trimestre del curso 25\/26 3 A\u00d1OS 4 A\u00d1OS 5 A\u00d1OS 1\u00ba DE PRIMARIA 2\u00ba DE PRIMARIA 3\u00ba DE PRIMARIA 4\u00ba DE PRIMARIA 5\u00ba DE PRIMARIA 6\u00ba DE PRIMARIA<\/p>\n","protected":false},"author":1,"featured_media":0,"parent":0,"menu_order":2,"comment_status":"closed","ping_status":"closed","template":"","meta":{"_genesis_hide_title":false,"_genesis_hide_breadcrumbs":false,"_genesis_hide_singular_image":false,"_genesis_hide_footer_widgets":false,"_genesis_custom_body_class":"","_genesis_custom_post_class":"","_genesis_layout":""},"_links":{"self":[{"href":"https:\/\/jmhuarte.educacion.navarra.es\/web1\/wp-json\/wp\/v2\/pages\/2644"}],"collection":[{"href":"https:\/\/jmhuarte.educacion.navarra.es\/web1\/wp-json\/wp\/v2\/pages"}],"about":[{"href":"https:\/\/jmhuarte.educacion.navarra.es\/web1\/wp-json\/wp\/v2\/types\/page"}],"author":[{"embeddable":true,"href":"https:\/\/jmhuarte.educacion.navarra.es\/web1\/wp-json\/wp\/v2\/users\/1"}],"replies":[{"embeddable":true,"href":"https:\/\/jmhuarte.educacion.navarra.es\/web1\/wp-json\/wp\/v2\/comments?post=2644"}],"version-history":[{"count":145,"href":"https:\/\/jmhuarte.educacion.navarra.es\/web1\/wp-json\/wp\/v2\/pages\/2644\/revisions"}],"predecessor-version":[{"id":11826,"href":"https:\/\/jmhuarte.educacion.navarra.es\/web1\/wp-json\/wp\/v2\/pages\/2644\/revisions\/11826"}],"wp:attachment":[{"href":"https:\/\/jmhuarte.educacion.navarra.es\/web1\/wp-json\/wp\/v2\/media?parent=2644"}],"curies":[{"name":"wp","href":"https:\/\/api.w.org\/{rel}","templated":true}]}}