{"id":143,"date":"2014-11-27T17:36:20","date_gmt":"2014-11-27T16:36:20","guid":{"rendered":"http:\/\/jmhuarte.educacion.navarra.es\/web1\/?page_id=143"},"modified":"2018-02-21T09:12:07","modified_gmt":"2018-02-21T08:12:07","slug":"voluntariado-en-el-cp-jose-maria-de-huarte","status":"publish","type":"page","link":"https:\/\/jmhuarte.educacion.navarra.es\/web1\/voluntariado-en-el-cp-jose-maria-de-huarte\/","title":{"rendered":"Voluntariado en nuestro colegio"},"content":{"rendered":"<p><strong>TODOS PODEMOS SER VOLUNTARIOS Y VOLUNTARIAS<\/strong><\/p>\n<p>Estimada Comunidad Educativa:<a title=\"XVI Congreso estatal de voluntariado\" href=\"http:\/\/www.voluntariadopamplona2013.com\/index.php\/blog\/item\/283-exposicion-de-posters-de-voluntariado\" target=\"_blank\"><img loading=\"lazy\" class=\"alignright  wp-image-169\" src=\"http:\/\/jmhuarte.educacion.navarra.es\/web1\/wp-content\/uploads\/2014\/11\/POSTER-VOLUNT.jpg\" alt=\"POSTER VOLUNTARIADO\" width=\"300\" height=\"399\" srcset=\"https:\/\/jmhuarte.educacion.navarra.es\/web1\/wp-content\/uploads\/2014\/11\/POSTER-VOLUNT.jpg 336w, https:\/\/jmhuarte.educacion.navarra.es\/web1\/wp-content\/uploads\/2014\/11\/POSTER-VOLUNT-226x300.jpg 226w\" sizes=\"(max-width: 300px) 100vw, 300px\" \/><\/a><\/p>\n<p style=\"text-align: justify;\">\u201cHola soy Ana y soy voluntaria. \u00bfQue qu\u00e9 es para m\u00ed el voluntariado? Yo me llevo m\u00e1s de\u00a0 lo que doy pero con creces: De primeras t\u00fa vas con intenci\u00f3n de ense\u00f1ar algo, pero lo que realmente sucede es que aprendes m\u00e1s;\u00a0 tu intenci\u00f3n es probablemente ayudar a alguien a superar sus miedos o sus dificultades, pero al que te ayudan en el fondo es a ti\u2026 En resumen, centras tu atenci\u00f3n en el bienestar ajeno, sin saber que eso es lo que te dar\u00e1 bienestar a ti.\u201d<\/p>\n<p style=\"text-align: justify;\">En el <strong>Centro Jos\u00e9 M\u00aa de Huarte<\/strong> nos planteamos el reto de la inclusi\u00f3n social, y es gracias a estos voluntarios y voluntarias\u00a0 que se consiguen grandes avances con respecto a este tema (<a title=\"Noticia voluntariado\" href=\"http:\/\/www.europapress.es\/navarra\/noticia-colegio-publico-jose-maria-huarte-incorpora-voluntariado-programa-educativo-20140102121543.html\" target=\"_blank\">ver noticia en Europapress<\/a>).<\/p>\n<p style=\"text-align: justify;\">Vivimos en un mundo que ve la integraci\u00f3n s\u00f3lo de lejos, apenas algunas familias y grupos sociales somos conscientes de lo que implica el tratar de vivir en un mundo creado para los m\u00e1s capaces.\u00a0 Consumismo, poder, envidia, celebridad\u2026\u2026son formas de vida que nuestras generaciones m\u00e1s j\u00f3venes est\u00e1n aprendiendo de forma intr\u00ednseca. \u00bfEs esto lo que realmente queremos? (<a title=\"XVI Congreso estatal de voluntariado\" href=\"http:\/\/www.voluntariadopamplona2013.com\/index.php\/blog\/item\/283-exposicion-de-posters-de-voluntariado\" target=\"_blank\">Ver XVI Congreso estatal de voluntariado<\/a>).<\/p>\n<p style=\"text-align: justify;\">En Jos\u00e9 M\u00aa\u00a0 de Huarte albergamos la visi\u00f3n de construir una comunidad de aprendizaje centrada en la persona, pues creemos que el mejor legado del ser humano es aprender a ser persona. De ah\u00ed que animemos a las familias,\u00a0 profesionales, profesorado en activo y jubilado, al propio alumnado de Jos\u00e9 M\u00aa de Huarte a\u00a0 formar parte de ese grupo de personas dedicadas que aspiran con su labor a \u00a0conseguir una realizaci\u00f3n personal y\/o profesional (<a title=\"Voluntariado en Jos\u00e9 M\u00aa de Huarte\" href=\"http:\/\/www.diariodenavarra.es\/noticias\/navarra\/pamplona_comarca\/pamplona\/2013\/11\/06\/cp_jose_maria_huarte_programa_british_voluntariado_135829_1702.html\" target=\"_blank\">ver noticia en Diario de Navarra<\/a>).<\/p>\n<p style=\"text-align: justify;\">Solamente este verano pasado en la <a title=\"Escuela de verano ANA\" href=\"http:\/\/www.autismonavarra.com\/la-escuela-de-verano\/\" target=\"_blank\"><strong>escuela de verano de ni\u00f1os con Autismo<\/strong><\/a> trabajaron 120 voluntarios. \u00a0\u201cEs muy gratificante\u201d, dice Olaia, \u201cporque te das cuenta de que el poco tiempo que prestas tu ayuda, sirve para que ese ni\u00f1o avance y te regale mil sonrisas. Esas sonrisas son lo que, personalmente, me animan a dar una parte de m\u00ed a los dem\u00e1s\u201d.<\/p>\n<p><iframe loading=\"lazy\" src=\"\/\/www.youtube.com\/embed\/R-qomK77tYM\" width=\"650\" height=\"415\" frameborder=\"0\" allowfullscreen=\"allowfullscreen\"><\/iframe><\/p>\n<p style=\"text-align: center;\"><a title=\"V\u00eddeo escuela de verano 2014\" href=\"https:\/\/www.youtube.com\/watch?v=R-qomK77tYM\" target=\"_blank\"><em>V\u00eddeo: La escuela de verano de 2014 en Jos\u00e9 Mar\u00eda de Huarte<\/em><\/a><\/p>\n<p style=\"text-align: justify;\">Tambi\u00e9n contamos con la colaboraci\u00f3n de profesores del centro ya jubilados, que ayudan al alumnado m\u00e1s desaventajado, con \u00a0el consiguiente beneficio para ambas partes.<\/p>\n<p style=\"text-align: justify;\">El aprendizaje cooperativo no ser\u00eda posible sin la colaboraci\u00f3n voluntaria de padres y madres que se acercan al centro y realizan talleres interactivos con el alumnado del colegio.<\/p>\n<p style=\"text-align: justify;\">Nerea\u00a0 nos cuenta: \u201cHa sido mi primer voluntariado, y ahora s\u00e9 que no va a ser el \u00faltimo. He aprendido muchas cosas, pero sobre todo, me quedo con su naturalidad. Esa naturalidad con la que le preguntas a un ni\u00f1o, tras pasar juntos 6 horas al d\u00eda, durante 3 semanas, a ver si se viene a casa contigo, y te contesta tan tranquilo, \u201cno, yo ya tengo mi casa\u201d.<\/p>\n<p style=\"text-align: justify;\">Nosotros, los adultos, somos los modelos en quienes se fijan\u00a0 los ni\u00f1os y ni\u00f1as. Si en un futuro queremos personas comprometidas tendremos que mostrarles modelos de conducta apropiados.<\/p>\n<h3 style=\"text-align: justify;\">An\u00edmate, te cambiar\u00e1 la vida, todos y todas podemos ser voluntarios.<\/h3>\n<p style=\"text-align: justify;\">\u00bfEst\u00e1s interesado en colaborar con la escuela de verano? No lo dudes m\u00e1s, puedes contactar con:\u00a0<strong><a title=\"Contacto\" href=\"mailto:paula.ana@autismonavarra.com\" target=\"_blank\">paula.ana@autismonavarra.com<\/a>\u00a0<\/strong><\/p>\n<p style=\"text-align: justify;\">Si quieres colaborar en el centro, bien para ayudar al alumnado o bien para participar en uno de nuestros grupos interactivos o talleres, puedes contactar en nuestro formulario de <a title=\"Contacto\" href=\"http:\/\/jmhuarte.educacion.navarra.es\/web1\/contacto\/\" target=\"_blank\">contacto<\/a> o enviarnos un correo a: <a title=\"Contacto\" href=\"mailto:cpjosehu@educacion.navarra.es\" target=\"_blank\"><strong>cpjosehu@educacion.navarra.es<\/strong><\/a><\/p>\n<p style=\"text-align: justify;\">As\u00ed mismo admitimos alumnado de la Universidad de Navarra, a trav\u00e9s del proyecto <strong><a title=\"PROYECTO TANTAKA\" href=\"http:\/\/www.unav.edu\/web\/vida-universitaria\/eventos\/solidaridad\/que-es-tantaka\" target=\"_blank\">TANTAKA<\/a><\/strong>.<\/p>\n<p><a href=\"http:\/\/jmhuarte.educacion.navarra.es\/web1\/wp-content\/uploads\/2014\/11\/ana-banner-copia.jpg\"><img loading=\"lazy\" class=\"alignright size-large wp-image-182\" src=\"http:\/\/jmhuarte.educacion.navarra.es\/web1\/wp-content\/uploads\/2014\/11\/ana-banner-copia-1024x592.jpg\" alt=\"ana banner copia\" width=\"1024\" height=\"592\" srcset=\"https:\/\/jmhuarte.educacion.navarra.es\/web1\/wp-content\/uploads\/2014\/11\/ana-banner-copia-1024x592.jpg 1024w, https:\/\/jmhuarte.educacion.navarra.es\/web1\/wp-content\/uploads\/2014\/11\/ana-banner-copia-300x173.jpg 300w, https:\/\/jmhuarte.educacion.navarra.es\/web1\/wp-content\/uploads\/2014\/11\/ana-banner-copia.jpg 1600w\" sizes=\"(max-width: 1024px) 100vw, 1024px\" \/><\/a><\/p>\n","protected":false},"excerpt":{"rendered":"<p>TODOS PODEMOS SER VOLUNTARIOS Y VOLUNTARIAS Estimada Comunidad Educativa: \u201cHola soy Ana y soy voluntaria. \u00bfQue qu\u00e9 es para m\u00ed el voluntariado? Yo me llevo m\u00e1s de\u00a0 lo que doy pero con creces: De primeras t\u00fa vas con intenci\u00f3n de ense\u00f1ar algo, pero lo que realmente sucede es que aprendes m\u00e1s;\u00a0 tu intenci\u00f3n es probablemente [&hellip;]<\/p>\n","protected":false},"author":1,"featured_media":0,"parent":0,"menu_order":10,"comment_status":"open","ping_status":"closed","template":"","meta":{"_genesis_hide_title":false,"_genesis_hide_breadcrumbs":false,"_genesis_hide_singular_image":false,"_genesis_hide_footer_widgets":false,"_genesis_custom_body_class":"","_genesis_custom_post_class":"","_genesis_layout":""},"_links":{"self":[{"href":"https:\/\/jmhuarte.educacion.navarra.es\/web1\/wp-json\/wp\/v2\/pages\/143"}],"collection":[{"href":"https:\/\/jmhuarte.educacion.navarra.es\/web1\/wp-json\/wp\/v2\/pages"}],"about":[{"href":"https:\/\/jmhuarte.educacion.navarra.es\/web1\/wp-json\/wp\/v2\/types\/page"}],"author":[{"embeddable":true,"href":"https:\/\/jmhuarte.educacion.navarra.es\/web1\/wp-json\/wp\/v2\/users\/1"}],"replies":[{"embeddable":true,"href":"https:\/\/jmhuarte.educacion.navarra.es\/web1\/wp-json\/wp\/v2\/comments?post=143"}],"version-history":[{"count":13,"href":"https:\/\/jmhuarte.educacion.navarra.es\/web1\/wp-json\/wp\/v2\/pages\/143\/revisions"}],"predecessor-version":[{"id":187,"href":"https:\/\/jmhuarte.educacion.navarra.es\/web1\/wp-json\/wp\/v2\/pages\/143\/revisions\/187"}],"wp:attachment":[{"href":"https:\/\/jmhuarte.educacion.navarra.es\/web1\/wp-json\/wp\/v2\/media?parent=143"}],"curies":[{"name":"wp","href":"https:\/\/api.w.org\/{rel}","templated":true}]}}